{"id":1460,"date":"2026-02-17T17:49:02","date_gmt":"2026-02-17T17:49:02","guid":{"rendered":"https:\/\/www.nomadianalogici.com\/?page_id=1460"},"modified":"2026-03-14T10:40:48","modified_gmt":"2026-03-14T10:40:48","slug":"guida-alla-camperizzazione","status":"publish","type":"page","link":"https:\/\/www.nomadianalogici.com\/index.php\/guida-alla-camperizzazione\/","title":{"rendered":"Guida alla camperizzazione"},"content":{"rendered":"\n<h2 class=\"wp-block-heading\">Guida alla camperizzazione di un veicolo<\/h2>\n\n\n\n<p>Sempre pi\u00f9 viaggiatori scelgono di <strong>trasformare un veicolo in camper<\/strong> per vivere il viaggio con maggiore <strong>libert\u00e0 e flessibilit\u00e0.<\/strong> La camperizzazione permette di adattare gli spazi alle proprie esigenze e costruire un mezzo su misura, sia per brevi fughe che per lunghi periodi on the road.<\/p>\n\n\n\n<p>In questa guida raccogliamo tutti i nastri articoli di <strong>Nomadi Analogici <\/strong>dedicati alla <strong>trasformazione di un veicolo <\/strong>in casa viaggiante. Un percorso pensato per accompagnare passo dopo passo chi vuole iniziare questo progetto, evitando errori comuni e prendendo decisioni pi\u00f9 consapevoli.<\/p>\n\n\n\n<p>La guida verr\u00e0 aggiornata progressivamente con nuovi articoli e approfondimenti.<\/p>\n\n\n\n<h3 class=\"wp-block-heading\">1. Scegliere il veicolo giusto da camperizzare: Il primo passo \u00e8 individuare il mezzo pi\u00f9 adatto al proprio stile di viaggio e al budget disponibile.<\/h3>\n\n\n\n<p>\ud83d\udc49 Leggi l&#8217;articolo: <a href=\"https:\/\/www.nomadianalogici.com\/index.php\/2026\/02\/17\/scegliere-il-veicolo-giusto-da-camperizzare-da-dove-partire\/\" target=\"_blank\" rel=\"noreferrer noopener\"><em>Scegliere il veicolo giusto da camperizzare: da dove partire<\/em>.<\/a><\/p>\n\n\n\n<h3 class=\"wp-block-heading\">2. La fase pi\u00f9 importante \u00e8 il progetto per camperizzare: disegnare gli spazi immaginando la quotidianit\u00e0 della vita in camper.<\/h3>\n\n\n\n<p>\ud83d\udc49 Leggi l&#8217;articolo: <a href=\"https:\/\/www.nomadianalogici.com\/index.php\/2026\/03\/02\/progettare-gli-spazi-disegnare-il-camper-prima-di-costruirlo\/\" target=\"_blank\" rel=\"noreferrer noopener\"><em>Progettare gli spazi: disegnare il camper prima di costruirlo<\/em><\/a>.<\/p>\n\n\n\n<h3 class=\"wp-block-heading\">3. La prima fase operativa essenziale per una buona camperizzazione: isolamento termico a acustico per la qualita&#8217; della vita in camper.<\/h3>\n\n\n\n<p>\ud83d\udc49 Leggi l&#8217;articolo: <a href=\"https:\/\/www.nomadianalogici.com\/index.php\/2026\/03\/14\/isolamento-termico-e-acustico-il-primo-passo-per-vivere-bene-nel-camper\/\" target=\"_blank\" rel=\"noreferrer noopener\"><em>Isolamento termico e acustico: il primo passo per vivere bene nel camper<\/em><\/a>.<\/p>\n\n\n\n<h3 class=\"wp-block-heading\">Prossimi articoli in arrivo<\/h3>\n\n\n\n<p>Nei prossimi tempi approfondiremo:<\/p>\n\n\n\n<ul class=\"wp-block-list\">\n<li>impianto elettrico e pannelli solari<\/li>\n\n\n\n<li>impianto idrico e gestione delle acque<\/li>\n\n\n\n<li>costruzione di mobili e letto<\/li>\n\n\n\n<li>cucina e bagno in camper<\/li>\n\n\n\n<li>normativa e omologazione<\/li>\n\n\n\n<li>costi reali della camperizzazione<\/li>\n\n\n\n<li>errori da evitare<\/li>\n\n\n\n<li>vivere nel camper autocostruito<\/li>\n<\/ul>\n\n\n\n<h3 class=\"wp-block-heading\">Un progetto che cresce con l\u2019esperienza<\/h3>\n\n\n\n<p>Questa guida nasce dall\u2019esperienza diretta di viaggio e dalla voglia di condividere soluzioni pratiche per chi sogna o sta gi\u00e0 costruendo il proprio camper.<\/p>\n\n\n\n<p>Se stai lavorando al tuo progetto, raccontaci la tua esperienza: ogni suggerimento pu\u00f2 aiutare altri viaggiatori.<\/p>\n","protected":false},"excerpt":{"rendered":"<p>Guida alla camperizzazione di un veicolo Sempre pi\u00f9 viaggiatori scelgono di trasformare un veicolo in camper per vivere il viaggio con maggiore libert\u00e0 e flessibilit\u00e0. La camperizzazione permette di adattare gli spazi alle proprie esigenze e costruire un mezzo su misura, sia per brevi fughe che per lunghi periodi on the road. In questa guida&#8230;<\/p>\n","protected":false},"author":1,"featured_media":1464,"parent":0,"menu_order":0,"comment_status":"closed","ping_status":"closed","template":"","meta":{"_kadence_starter_templates_imported_post":false,"_kad_post_transparent":"","_kad_post_title":"","_kad_post_layout":"","_kad_post_sidebar_id":"","_kad_post_content_style":"","_kad_post_vertical_padding":"","_kad_post_feature":"","_kad_post_feature_position":"","_kad_post_header":false,"_kad_post_footer":false,"_kad_post_classname":"","footnotes":""},"class_list":["post-1460","page","type-page","status-publish","has-post-thumbnail","hentry"],"_links":{"self":[{"href":"https:\/\/www.nomadianalogici.com\/index.php\/wp-json\/wp\/v2\/pages\/1460","targetHints":{"allow":["GET"]}}],"collection":[{"href":"https:\/\/www.nomadianalogici.com\/index.php\/wp-json\/wp\/v2\/pages"}],"about":[{"href":"https:\/\/www.nomadianalogici.com\/index.php\/wp-json\/wp\/v2\/types\/page"}],"author":[{"embeddable":true,"href":"https:\/\/www.nomadianalogici.com\/index.php\/wp-json\/wp\/v2\/users\/1"}],"replies":[{"embeddable":true,"href":"https:\/\/www.nomadianalogici.com\/index.php\/wp-json\/wp\/v2\/comments?post=1460"}],"version-history":[{"count":7,"href":"https:\/\/www.nomadianalogici.com\/index.php\/wp-json\/wp\/v2\/pages\/1460\/revisions"}],"predecessor-version":[{"id":1496,"href":"https:\/\/www.nomadianalogici.com\/index.php\/wp-json\/wp\/v2\/pages\/1460\/revisions\/1496"}],"wp:featuredmedia":[{"embeddable":true,"href":"https:\/\/www.nomadianalogici.com\/index.php\/wp-json\/wp\/v2\/media\/1464"}],"wp:attachment":[{"href":"https:\/\/www.nomadianalogici.com\/index.php\/wp-json\/wp\/v2\/media?parent=1460"}],"curies":[{"name":"wp","href":"https:\/\/api.w.org\/{rel}","templated":true}]}}